{"id":15,"date":"2021-05-15T00:02:20","date_gmt":"2021-05-14T22:02:20","guid":{"rendered":"http:\/\/162.55.51.43\/?page_id=15"},"modified":"2021-05-17T23:18:02","modified_gmt":"2021-05-17T21:18:02","slug":"tradicijski-alati","status":"publish","type":"page","link":"https:\/\/galerija-brodogradnje-brac.com\/index.php\/tradicijski-alati\/","title":{"rendered":"Tradicijski alati"},"content":{"rendered":"\t\t<div data-elementor-type=\"wp-page\" data-elementor-id=\"15\" class=\"elementor elementor-15\">\n\t\t\t\t\t\t<section class=\"elementor-section elementor-top-section elementor-element elementor-element-d035abd elementor-section-boxed elementor-section-height-default elementor-section-height-default\" data-id=\"d035abd\" data-element_type=\"section\" data-e-type=\"section\">\n\t\t\t\t\t\t<div class=\"elementor-container elementor-column-gap-default\">\n\t\t\t\t\t<div class=\"elementor-column elementor-col-33 elementor-top-column elementor-element elementor-element-fcfa58f\" data-id=\"fcfa58f\" data-element_type=\"column\" data-e-type=\"column\">\n\t\t\t<div class=\"elementor-widget-wrap elementor-element-populated\">\n\t\t\t\t\t\t<div class=\"elementor-element elementor-element-0d43f81 elementor-widget elementor-widget-image\" data-id=\"0d43f81\" data-element_type=\"widget\" data-e-type=\"widget\" data-widget_type=\"image.default\">\n\t\t\t\t<div class=\"elementor-widget-container\">\n\t\t\t\t\t\t\t\t\t\t\t\t\t\t\t<img fetchpriority=\"high\" decoding=\"async\" width=\"697\" height=\"929\" src=\"https:\/\/galerija-brodogradnje-brac.com\/wp-content\/uploads\/2021\/05\/IMG_20210517_201922-1-768x1024.jpg\" class=\"attachment-large size-large wp-image-82\" alt=\"\" srcset=\"https:\/\/galerija-brodogradnje-brac.com\/wp-content\/uploads\/2021\/05\/IMG_20210517_201922-1-768x1024.jpg 768w, https:\/\/galerija-brodogradnje-brac.com\/wp-content\/uploads\/2021\/05\/IMG_20210517_201922-1-225x300.jpg 225w, https:\/\/galerija-brodogradnje-brac.com\/wp-content\/uploads\/2021\/05\/IMG_20210517_201922-1-1152x1536.jpg 1152w, https:\/\/galerija-brodogradnje-brac.com\/wp-content\/uploads\/2021\/05\/IMG_20210517_201922-1-1536x2048.jpg 1536w, https:\/\/galerija-brodogradnje-brac.com\/wp-content\/uploads\/2021\/05\/IMG_20210517_201922-1-scaled.jpg 1920w\" sizes=\"(max-width: 697px) 100vw, 697px\" \/>\t\t\t\t\t\t\t\t\t\t\t\t\t\t\t<\/div>\n\t\t\t\t<\/div>\n\t\t\t\t<div class=\"elementor-element elementor-element-cceb1dc elementor-widget elementor-widget-text-editor\" data-id=\"cceb1dc\" data-element_type=\"widget\" data-e-type=\"widget\" data-widget_type=\"text-editor.default\">\n\t\t\t\t<div class=\"elementor-widget-container\">\n\t\t\t\t\t\t\t\t\t<p>Ru\u010dna pila<\/p>\t\t\t\t\t\t\t\t<\/div>\n\t\t\t\t<\/div>\n\t\t\t\t<div class=\"elementor-element elementor-element-64dd41c elementor-widget elementor-widget-spacer\" data-id=\"64dd41c\" data-element_type=\"widget\" data-e-type=\"widget\" data-widget_type=\"spacer.default\">\n\t\t\t\t<div class=\"elementor-widget-container\">\n\t\t\t\t\t\t\t<div class=\"elementor-spacer\">\n\t\t\t<div class=\"elementor-spacer-inner\"><\/div>\n\t\t<\/div>\n\t\t\t\t\t\t<\/div>\n\t\t\t\t<\/div>\n\t\t\t\t\t<\/div>\n\t\t<\/div>\n\t\t\t\t<div class=\"elementor-column elementor-col-33 elementor-top-column elementor-element elementor-element-989e1f6\" data-id=\"989e1f6\" data-element_type=\"column\" data-e-type=\"column\">\n\t\t\t<div class=\"elementor-widget-wrap elementor-element-populated\">\n\t\t\t\t\t\t<div class=\"elementor-element elementor-element-acff1a7 elementor-widget elementor-widget-image\" data-id=\"acff1a7\" data-element_type=\"widget\" data-e-type=\"widget\" data-widget_type=\"image.default\">\n\t\t\t\t<div class=\"elementor-widget-container\">\n\t\t\t\t\t\t\t\t\t\t\t\t\t\t\t<img decoding=\"async\" width=\"697\" height=\"929\" src=\"https:\/\/galerija-brodogradnje-brac.com\/wp-content\/uploads\/2021\/05\/IMG_20210517_202008-768x1024.jpg\" class=\"attachment-large size-large wp-image-81\" alt=\"\" srcset=\"https:\/\/galerija-brodogradnje-brac.com\/wp-content\/uploads\/2021\/05\/IMG_20210517_202008-768x1024.jpg 768w, https:\/\/galerija-brodogradnje-brac.com\/wp-content\/uploads\/2021\/05\/IMG_20210517_202008-225x300.jpg 225w, https:\/\/galerija-brodogradnje-brac.com\/wp-content\/uploads\/2021\/05\/IMG_20210517_202008-1152x1536.jpg 1152w, https:\/\/galerija-brodogradnje-brac.com\/wp-content\/uploads\/2021\/05\/IMG_20210517_202008-1536x2048.jpg 1536w, https:\/\/galerija-brodogradnje-brac.com\/wp-content\/uploads\/2021\/05\/IMG_20210517_202008-scaled.jpg 1920w\" sizes=\"(max-width: 697px) 100vw, 697px\" \/>\t\t\t\t\t\t\t\t\t\t\t\t\t\t\t<\/div>\n\t\t\t\t<\/div>\n\t\t\t\t<div class=\"elementor-element elementor-element-2a4951a elementor-widget elementor-widget-text-editor\" data-id=\"2a4951a\" data-element_type=\"widget\" data-e-type=\"widget\" data-widget_type=\"text-editor.default\">\n\t\t\t\t<div class=\"elementor-widget-container\">\n\t\t\t\t\t\t\t\t\t<p>Ru\u010dna blanja<\/p>\t\t\t\t\t\t\t\t<\/div>\n\t\t\t\t<\/div>\n\t\t\t\t<div class=\"elementor-element elementor-element-cd3980f elementor-widget elementor-widget-spacer\" data-id=\"cd3980f\" data-element_type=\"widget\" data-e-type=\"widget\" data-widget_type=\"spacer.default\">\n\t\t\t\t<div class=\"elementor-widget-container\">\n\t\t\t\t\t\t\t<div class=\"elementor-spacer\">\n\t\t\t<div class=\"elementor-spacer-inner\"><\/div>\n\t\t<\/div>\n\t\t\t\t\t\t<\/div>\n\t\t\t\t<\/div>\n\t\t\t\t\t<\/div>\n\t\t<\/div>\n\t\t\t\t<div class=\"elementor-column elementor-col-33 elementor-top-column elementor-element elementor-element-9905b3f\" data-id=\"9905b3f\" data-element_type=\"column\" data-e-type=\"column\">\n\t\t\t<div class=\"elementor-widget-wrap elementor-element-populated\">\n\t\t\t\t\t\t<div class=\"elementor-element elementor-element-4c194b3 elementor-widget elementor-widget-image\" data-id=\"4c194b3\" data-element_type=\"widget\" data-e-type=\"widget\" data-widget_type=\"image.default\">\n\t\t\t\t<div class=\"elementor-widget-container\">\n\t\t\t\t\t\t\t\t\t\t\t\t\t\t\t<img decoding=\"async\" width=\"697\" height=\"929\" src=\"https:\/\/galerija-brodogradnje-brac.com\/wp-content\/uploads\/2021\/05\/IMG_20210517_201946-768x1024.jpg\" class=\"attachment-large size-large wp-image-80\" alt=\"\" srcset=\"https:\/\/galerija-brodogradnje-brac.com\/wp-content\/uploads\/2021\/05\/IMG_20210517_201946-768x1024.jpg 768w, https:\/\/galerija-brodogradnje-brac.com\/wp-content\/uploads\/2021\/05\/IMG_20210517_201946-225x300.jpg 225w, https:\/\/galerija-brodogradnje-brac.com\/wp-content\/uploads\/2021\/05\/IMG_20210517_201946-1152x1536.jpg 1152w, https:\/\/galerija-brodogradnje-brac.com\/wp-content\/uploads\/2021\/05\/IMG_20210517_201946-1536x2048.jpg 1536w, https:\/\/galerija-brodogradnje-brac.com\/wp-content\/uploads\/2021\/05\/IMG_20210517_201946-scaled.jpg 1920w\" sizes=\"(max-width: 697px) 100vw, 697px\" \/>\t\t\t\t\t\t\t\t\t\t\t\t\t\t\t<\/div>\n\t\t\t\t<\/div>\n\t\t\t\t<div class=\"elementor-element elementor-element-02f49fc elementor-widget elementor-widget-text-editor\" data-id=\"02f49fc\" data-element_type=\"widget\" data-e-type=\"widget\" data-widget_type=\"text-editor.default\">\n\t\t\t\t<div class=\"elementor-widget-container\">\n\t\t\t\t\t\t\t\t\t<p>Teslarski alat<\/p>\t\t\t\t\t\t\t\t<\/div>\n\t\t\t\t<\/div>\n\t\t\t\t<div class=\"elementor-element elementor-element-2e70e90 elementor-widget elementor-widget-spacer\" data-id=\"2e70e90\" data-element_type=\"widget\" data-e-type=\"widget\" data-widget_type=\"spacer.default\">\n\t\t\t\t<div class=\"elementor-widget-container\">\n\t\t\t\t\t\t\t<div class=\"elementor-spacer\">\n\t\t\t<div class=\"elementor-spacer-inner\"><\/div>\n\t\t<\/div>\n\t\t\t\t\t\t<\/div>\n\t\t\t\t<\/div>\n\t\t\t\t\t<\/div>\n\t\t<\/div>\n\t\t\t\t\t<\/div>\n\t\t<\/section>\n\t\t\t\t<section class=\"elementor-section elementor-top-section elementor-element elementor-element-8b08361 elementor-section-boxed elementor-section-height-default elementor-section-height-default\" data-id=\"8b08361\" data-element_type=\"section\" data-e-type=\"section\">\n\t\t\t\t\t\t<div class=\"elementor-container elementor-column-gap-default\">\n\t\t\t\t\t<div class=\"elementor-column elementor-col-100 elementor-top-column elementor-element elementor-element-10a549b\" data-id=\"10a549b\" data-element_type=\"column\" data-e-type=\"column\">\n\t\t\t<div class=\"elementor-widget-wrap elementor-element-populated\">\n\t\t\t\t\t\t<div class=\"elementor-element elementor-element-c63bd4b elementor-widget elementor-widget-text-editor\" data-id=\"c63bd4b\" data-element_type=\"widget\" data-e-type=\"widget\" data-widget_type=\"text-editor.default\">\n\t\t\t\t<div class=\"elementor-widget-container\">\n\t\t\t\t\t\t\t\t\t<p>Kod nas mo\u017eete vidjeti puno vrsta starog ru\u010dnog alata koji su slu\u017eili za obradu drva.\u00a0<\/p>\t\t\t\t\t\t\t\t<\/div>\n\t\t\t\t<\/div>\n\t\t\t\t\t<\/div>\n\t\t<\/div>\n\t\t\t\t\t<\/div>\n\t\t<\/section>\n\t\t\t\t<\/div>\n\t\t","protected":false},"excerpt":{"rendered":"<p>Ru\u010dna pila Ru\u010dna blanja Teslarski alat Kod nas mo\u017eete vidjeti puno vrsta starog ru\u010dnog alata koji su slu\u017eili za obradu drva.\u00a0<\/p>\n","protected":false},"author":1,"featured_media":0,"parent":0,"menu_order":0,"comment_status":"closed","ping_status":"closed","template":"","meta":{"footnotes":""},"class_list":["post-15","page","type-page","status-publish","hentry"],"_links":{"self":[{"href":"https:\/\/galerija-brodogradnje-brac.com\/index.php\/wp-json\/wp\/v2\/pages\/15","targetHints":{"allow":["GET"]}}],"collection":[{"href":"https:\/\/galerija-brodogradnje-brac.com\/index.php\/wp-json\/wp\/v2\/pages"}],"about":[{"href":"https:\/\/galerija-brodogradnje-brac.com\/index.php\/wp-json\/wp\/v2\/types\/page"}],"author":[{"embeddable":true,"href":"https:\/\/galerija-brodogradnje-brac.com\/index.php\/wp-json\/wp\/v2\/users\/1"}],"replies":[{"embeddable":true,"href":"https:\/\/galerija-brodogradnje-brac.com\/index.php\/wp-json\/wp\/v2\/comments?post=15"}],"version-history":[{"count":21,"href":"https:\/\/galerija-brodogradnje-brac.com\/index.php\/wp-json\/wp\/v2\/pages\/15\/revisions"}],"predecessor-version":[{"id":215,"href":"https:\/\/galerija-brodogradnje-brac.com\/index.php\/wp-json\/wp\/v2\/pages\/15\/revisions\/215"}],"wp:attachment":[{"href":"https:\/\/galerija-brodogradnje-brac.com\/index.php\/wp-json\/wp\/v2\/media?parent=15"}],"curies":[{"name":"wp","href":"https:\/\/api.w.org\/{rel}","templated":true}]}}