{"id":160,"date":"2021-05-17T22:33:26","date_gmt":"2021-05-17T20:33:26","guid":{"rendered":"http:\/\/162.55.51.43\/?page_id=160"},"modified":"2021-05-18T01:15:35","modified_gmt":"2021-05-17T23:15:35","slug":"ribarski-izleti-fishing","status":"publish","type":"page","link":"https:\/\/galerija-brodogradnje-brac.com\/index.php\/ribarski-izleti-fishing\/","title":{"rendered":"Ribarski Izleti \/ Fishing"},"content":{"rendered":"\t\t<div data-elementor-type=\"wp-page\" data-elementor-id=\"160\" class=\"elementor elementor-160\">\n\t\t\t\t\t\t<section class=\"elementor-section elementor-top-section elementor-element elementor-element-cd30d2d elementor-section-boxed elementor-section-height-default elementor-section-height-default\" data-id=\"cd30d2d\" data-element_type=\"section\" data-e-type=\"section\">\n\t\t\t\t\t\t<div class=\"elementor-container elementor-column-gap-default\">\n\t\t\t\t\t<div class=\"elementor-column elementor-col-100 elementor-top-column elementor-element elementor-element-68cfd63\" data-id=\"68cfd63\" data-element_type=\"column\" data-e-type=\"column\">\n\t\t\t<div class=\"elementor-widget-wrap elementor-element-populated\">\n\t\t\t\t\t\t<div class=\"elementor-element elementor-element-38a7633 elementor-widget elementor-widget-image\" data-id=\"38a7633\" data-element_type=\"widget\" data-e-type=\"widget\" data-widget_type=\"image.default\">\n\t\t\t\t<div class=\"elementor-widget-container\">\n\t\t\t\t\t\t\t\t\t\t\t\t\t\t\t<img fetchpriority=\"high\" decoding=\"async\" width=\"697\" height=\"523\" src=\"https:\/\/galerija-brodogradnje-brac.com\/wp-content\/uploads\/2021\/05\/IMG_2398-1024x768.jpg\" class=\"attachment-large size-large wp-image-226\" alt=\"\" srcset=\"https:\/\/galerija-brodogradnje-brac.com\/wp-content\/uploads\/2021\/05\/IMG_2398-1024x768.jpg 1024w, https:\/\/galerija-brodogradnje-brac.com\/wp-content\/uploads\/2021\/05\/IMG_2398-300x225.jpg 300w, https:\/\/galerija-brodogradnje-brac.com\/wp-content\/uploads\/2021\/05\/IMG_2398-768x576.jpg 768w, https:\/\/galerija-brodogradnje-brac.com\/wp-content\/uploads\/2021\/05\/IMG_2398-1536x1152.jpg 1536w, https:\/\/galerija-brodogradnje-brac.com\/wp-content\/uploads\/2021\/05\/IMG_2398-2048x1536.jpg 2048w, https:\/\/galerija-brodogradnje-brac.com\/wp-content\/uploads\/2021\/05\/IMG_2398-640x480.jpg 640w\" sizes=\"(max-width: 697px) 100vw, 697px\" \/>\t\t\t\t\t\t\t\t\t\t\t\t\t\t\t<\/div>\n\t\t\t\t<\/div>\n\t\t\t\t\t<\/div>\n\t\t<\/div>\n\t\t\t\t\t<\/div>\n\t\t<\/section>\n\t\t\t\t<section class=\"elementor-section elementor-top-section elementor-element elementor-element-2012c99 elementor-section-boxed elementor-section-height-default elementor-section-height-default\" data-id=\"2012c99\" data-element_type=\"section\" data-e-type=\"section\">\n\t\t\t\t\t\t<div class=\"elementor-container elementor-column-gap-default\">\n\t\t\t\t\t<div class=\"elementor-column elementor-col-100 elementor-top-column elementor-element elementor-element-f141b62\" data-id=\"f141b62\" data-element_type=\"column\" data-e-type=\"column\">\n\t\t\t<div class=\"elementor-widget-wrap elementor-element-populated\">\n\t\t\t\t\t\t<div class=\"elementor-element elementor-element-10dc8f8 elementor-widget elementor-widget-spacer\" data-id=\"10dc8f8\" data-element_type=\"widget\" data-e-type=\"widget\" data-widget_type=\"spacer.default\">\n\t\t\t\t<div class=\"elementor-widget-container\">\n\t\t\t\t\t\t\t<div class=\"elementor-spacer\">\n\t\t\t<div class=\"elementor-spacer-inner\"><\/div>\n\t\t<\/div>\n\t\t\t\t\t\t<\/div>\n\t\t\t\t<\/div>\n\t\t\t\t\t<\/div>\n\t\t<\/div>\n\t\t\t\t\t<\/div>\n\t\t<\/section>\n\t\t\t\t<section class=\"elementor-section elementor-top-section elementor-element elementor-element-8bd798d elementor-section-boxed elementor-section-height-default elementor-section-height-default\" data-id=\"8bd798d\" data-element_type=\"section\" data-e-type=\"section\">\n\t\t\t\t\t\t<div class=\"elementor-container elementor-column-gap-default\">\n\t\t\t\t\t<div class=\"elementor-column elementor-col-33 elementor-top-column elementor-element elementor-element-ff93dcc\" data-id=\"ff93dcc\" data-element_type=\"column\" data-e-type=\"column\">\n\t\t\t<div class=\"elementor-widget-wrap elementor-element-populated\">\n\t\t\t\t\t\t<div class=\"elementor-element elementor-element-af88982 elementor-widget elementor-widget-image\" data-id=\"af88982\" data-element_type=\"widget\" data-e-type=\"widget\" data-widget_type=\"image.default\">\n\t\t\t\t<div class=\"elementor-widget-container\">\n\t\t\t\t\t\t\t\t\t\t\t\t\t\t\t<img decoding=\"async\" width=\"634\" height=\"460\" src=\"https:\/\/galerija-brodogradnje-brac.com\/wp-content\/uploads\/2021\/05\/Screenshot-2021-05-17-224550.jpg\" class=\"attachment-large size-large wp-image-175\" alt=\"\" srcset=\"https:\/\/galerija-brodogradnje-brac.com\/wp-content\/uploads\/2021\/05\/Screenshot-2021-05-17-224550.jpg 634w, https:\/\/galerija-brodogradnje-brac.com\/wp-content\/uploads\/2021\/05\/Screenshot-2021-05-17-224550-300x218.jpg 300w\" sizes=\"(max-width: 634px) 100vw, 634px\" \/>\t\t\t\t\t\t\t\t\t\t\t\t\t\t\t<\/div>\n\t\t\t\t<\/div>\n\t\t\t\t\t<\/div>\n\t\t<\/div>\n\t\t\t\t<div class=\"elementor-column elementor-col-33 elementor-top-column elementor-element elementor-element-73a6520\" data-id=\"73a6520\" data-element_type=\"column\" data-e-type=\"column\">\n\t\t\t<div class=\"elementor-widget-wrap elementor-element-populated\">\n\t\t\t\t\t\t<div class=\"elementor-element elementor-element-ae39d1d elementor-widget elementor-widget-image\" data-id=\"ae39d1d\" data-element_type=\"widget\" data-e-type=\"widget\" data-widget_type=\"image.default\">\n\t\t\t\t<div class=\"elementor-widget-container\">\n\t\t\t\t\t\t\t\t\t\t\t\t\t\t\t<img decoding=\"async\" width=\"697\" height=\"523\" src=\"https:\/\/galerija-brodogradnje-brac.com\/wp-content\/uploads\/2021\/05\/IMG_0909-1024x768.jpg\" class=\"attachment-large size-large wp-image-174\" alt=\"\" srcset=\"https:\/\/galerija-brodogradnje-brac.com\/wp-content\/uploads\/2021\/05\/IMG_0909-1024x768.jpg 1024w, https:\/\/galerija-brodogradnje-brac.com\/wp-content\/uploads\/2021\/05\/IMG_0909-300x225.jpg 300w, https:\/\/galerija-brodogradnje-brac.com\/wp-content\/uploads\/2021\/05\/IMG_0909-768x576.jpg 768w, https:\/\/galerija-brodogradnje-brac.com\/wp-content\/uploads\/2021\/05\/IMG_0909-1536x1152.jpg 1536w, https:\/\/galerija-brodogradnje-brac.com\/wp-content\/uploads\/2021\/05\/IMG_0909-2048x1536.jpg 2048w, https:\/\/galerija-brodogradnje-brac.com\/wp-content\/uploads\/2021\/05\/IMG_0909-640x480.jpg 640w\" sizes=\"(max-width: 697px) 100vw, 697px\" \/>\t\t\t\t\t\t\t\t\t\t\t\t\t\t\t<\/div>\n\t\t\t\t<\/div>\n\t\t\t\t\t<\/div>\n\t\t<\/div>\n\t\t\t\t<div class=\"elementor-column elementor-col-33 elementor-top-column elementor-element elementor-element-c88dd88\" data-id=\"c88dd88\" data-element_type=\"column\" data-e-type=\"column\">\n\t\t\t<div class=\"elementor-widget-wrap elementor-element-populated\">\n\t\t\t\t\t\t<div class=\"elementor-element elementor-element-23f0aad elementor-widget elementor-widget-image\" data-id=\"23f0aad\" data-element_type=\"widget\" data-e-type=\"widget\" data-widget_type=\"image.default\">\n\t\t\t\t<div class=\"elementor-widget-container\">\n\t\t\t\t\t\t\t\t\t\t\t\t\t\t\t<img loading=\"lazy\" decoding=\"async\" width=\"631\" height=\"502\" src=\"https:\/\/galerija-brodogradnje-brac.com\/wp-content\/uploads\/2021\/05\/Screenshot-2021-05-17-225514.jpg\" class=\"attachment-large size-large wp-image-180\" alt=\"\" srcset=\"https:\/\/galerija-brodogradnje-brac.com\/wp-content\/uploads\/2021\/05\/Screenshot-2021-05-17-225514.jpg 631w, https:\/\/galerija-brodogradnje-brac.com\/wp-content\/uploads\/2021\/05\/Screenshot-2021-05-17-225514-300x239.jpg 300w\" sizes=\"(max-width: 631px) 100vw, 631px\" \/>\t\t\t\t\t\t\t\t\t\t\t\t\t\t\t<\/div>\n\t\t\t\t<\/div>\n\t\t\t\t\t<\/div>\n\t\t<\/div>\n\t\t\t\t\t<\/div>\n\t\t<\/section>\n\t\t\t\t<section class=\"elementor-section elementor-top-section elementor-element elementor-element-03421ba elementor-section-boxed elementor-section-height-default elementor-section-height-default\" data-id=\"03421ba\" data-element_type=\"section\" data-e-type=\"section\">\n\t\t\t\t\t\t<div class=\"elementor-container elementor-column-gap-default\">\n\t\t\t\t\t<div class=\"elementor-column elementor-col-100 elementor-top-column elementor-element elementor-element-8bd0758\" data-id=\"8bd0758\" data-element_type=\"column\" data-e-type=\"column\">\n\t\t\t<div class=\"elementor-widget-wrap elementor-element-populated\">\n\t\t\t\t\t\t<div class=\"elementor-element elementor-element-49f1358 elementor-widget elementor-widget-spacer\" data-id=\"49f1358\" data-element_type=\"widget\" data-e-type=\"widget\" data-widget_type=\"spacer.default\">\n\t\t\t\t<div class=\"elementor-widget-container\">\n\t\t\t\t\t\t\t<div class=\"elementor-spacer\">\n\t\t\t<div class=\"elementor-spacer-inner\"><\/div>\n\t\t<\/div>\n\t\t\t\t\t\t<\/div>\n\t\t\t\t<\/div>\n\t\t\t\t\t<\/div>\n\t\t<\/div>\n\t\t\t\t\t<\/div>\n\t\t<\/section>\n\t\t\t\t<section class=\"elementor-section elementor-top-section elementor-element elementor-element-571259a elementor-section-boxed elementor-section-height-default elementor-section-height-default\" data-id=\"571259a\" data-element_type=\"section\" data-e-type=\"section\">\n\t\t\t\t\t\t<div class=\"elementor-container elementor-column-gap-default\">\n\t\t\t\t\t<div class=\"elementor-column elementor-col-100 elementor-top-column elementor-element elementor-element-c5c89e0\" data-id=\"c5c89e0\" data-element_type=\"column\" data-e-type=\"column\">\n\t\t\t<div class=\"elementor-widget-wrap elementor-element-populated\">\n\t\t\t\t\t\t<div class=\"elementor-element elementor-element-487817b elementor-widget elementor-widget-text-editor\" data-id=\"487817b\" data-element_type=\"widget\" data-e-type=\"widget\" data-widget_type=\"text-editor.default\">\n\t\t\t\t<div class=\"elementor-widget-container\">\n\t\t\t\t\t\t\t\t\t<p>Organiziramo turisti\u010dki ribolovne izlete \/ fishing tradicijskim brodom &#8211; <strong>&#8222;LEUT&#8220;\u00a0<\/strong>&#8211; kao i fishing panoramu sa osvije\u017eavaju\u0107im kupanjem u ljetnim vru\u0107inama.<br \/>Plovite sa nama !<\/p>\t\t\t\t\t\t\t\t<\/div>\n\t\t\t\t<\/div>\n\t\t\t\t\t<\/div>\n\t\t<\/div>\n\t\t\t\t\t<\/div>\n\t\t<\/section>\n\t\t\t\t<section class=\"elementor-section elementor-top-section elementor-element elementor-element-55e15d6 elementor-section-boxed elementor-section-height-default elementor-section-height-default\" data-id=\"55e15d6\" data-element_type=\"section\" data-e-type=\"section\">\n\t\t\t\t\t\t<div class=\"elementor-container elementor-column-gap-default\">\n\t\t\t\t\t<div class=\"elementor-column elementor-col-100 elementor-top-column elementor-element elementor-element-108f4ad\" data-id=\"108f4ad\" data-element_type=\"column\" data-e-type=\"column\">\n\t\t\t<div class=\"elementor-widget-wrap elementor-element-populated\">\n\t\t\t\t\t\t<div class=\"elementor-element elementor-element-9167c3a elementor-widget elementor-widget-spacer\" data-id=\"9167c3a\" data-element_type=\"widget\" data-e-type=\"widget\" data-widget_type=\"spacer.default\">\n\t\t\t\t<div class=\"elementor-widget-container\">\n\t\t\t\t\t\t\t<div class=\"elementor-spacer\">\n\t\t\t<div class=\"elementor-spacer-inner\"><\/div>\n\t\t<\/div>\n\t\t\t\t\t\t<\/div>\n\t\t\t\t<\/div>\n\t\t\t\t\t<\/div>\n\t\t<\/div>\n\t\t\t\t\t<\/div>\n\t\t<\/section>\n\t\t\t\t<section class=\"elementor-section elementor-top-section elementor-element elementor-element-4362904 elementor-section-boxed elementor-section-height-default elementor-section-height-default\" data-id=\"4362904\" data-element_type=\"section\" data-e-type=\"section\">\n\t\t\t\t\t\t<div class=\"elementor-container elementor-column-gap-default\">\n\t\t\t\t\t<div class=\"elementor-column elementor-col-50 elementor-top-column elementor-element elementor-element-985b7a5\" data-id=\"985b7a5\" data-element_type=\"column\" data-e-type=\"column\">\n\t\t\t<div class=\"elementor-widget-wrap elementor-element-populated\">\n\t\t\t\t\t\t<div class=\"elementor-element elementor-element-8c0b8c9 elementor-widget elementor-widget-image\" data-id=\"8c0b8c9\" data-element_type=\"widget\" data-e-type=\"widget\" data-widget_type=\"image.default\">\n\t\t\t\t<div class=\"elementor-widget-container\">\n\t\t\t\t\t\t\t\t\t\t\t\t\t\t\t<img loading=\"lazy\" decoding=\"async\" width=\"300\" height=\"300\" src=\"https:\/\/galerija-brodogradnje-brac.com\/wp-content\/uploads\/2021\/05\/call-300x300.png\" class=\"attachment-medium size-medium wp-image-177\" alt=\"\" srcset=\"https:\/\/galerija-brodogradnje-brac.com\/wp-content\/uploads\/2021\/05\/call-300x300.png 300w, https:\/\/galerija-brodogradnje-brac.com\/wp-content\/uploads\/2021\/05\/call-150x150.png 150w, https:\/\/galerija-brodogradnje-brac.com\/wp-content\/uploads\/2021\/05\/call.png 512w\" sizes=\"(max-width: 300px) 100vw, 300px\" \/>\t\t\t\t\t\t\t\t\t\t\t\t\t\t\t<\/div>\n\t\t\t\t<\/div>\n\t\t\t\t<div class=\"elementor-element elementor-element-5f34349 elementor-widget elementor-widget-text-editor\" data-id=\"5f34349\" data-element_type=\"widget\" data-e-type=\"widget\" data-widget_type=\"text-editor.default\">\n\t\t\t\t<div class=\"elementor-widget-container\">\n\t\t\t\t\t\t\t\t\t<p>Telefon: +385 91 500 67 53<\/p>\t\t\t\t\t\t\t\t<\/div>\n\t\t\t\t<\/div>\n\t\t\t\t\t<\/div>\n\t\t<\/div>\n\t\t\t\t<div class=\"elementor-column elementor-col-50 elementor-top-column elementor-element elementor-element-4c8e9f2\" data-id=\"4c8e9f2\" data-element_type=\"column\" data-e-type=\"column\">\n\t\t\t<div class=\"elementor-widget-wrap elementor-element-populated\">\n\t\t\t\t\t\t<div class=\"elementor-element elementor-element-def6a83 elementor-widget elementor-widget-image\" data-id=\"def6a83\" data-element_type=\"widget\" data-e-type=\"widget\" data-widget_type=\"image.default\">\n\t\t\t\t<div class=\"elementor-widget-container\">\n\t\t\t\t\t\t\t\t\t\t\t\t\t\t\t<img loading=\"lazy\" decoding=\"async\" width=\"512\" height=\"512\" src=\"https:\/\/galerija-brodogradnje-brac.com\/wp-content\/uploads\/2021\/05\/email.png\" class=\"attachment-large size-large wp-image-176\" alt=\"\" srcset=\"https:\/\/galerija-brodogradnje-brac.com\/wp-content\/uploads\/2021\/05\/email.png 512w, https:\/\/galerija-brodogradnje-brac.com\/wp-content\/uploads\/2021\/05\/email-300x300.png 300w, https:\/\/galerija-brodogradnje-brac.com\/wp-content\/uploads\/2021\/05\/email-150x150.png 150w\" sizes=\"(max-width: 512px) 100vw, 512px\" \/>\t\t\t\t\t\t\t\t\t\t\t\t\t\t\t<\/div>\n\t\t\t\t<\/div>\n\t\t\t\t<div class=\"elementor-element elementor-element-5fd356e elementor-widget elementor-widget-text-editor\" data-id=\"5fd356e\" data-element_type=\"widget\" data-e-type=\"widget\" data-widget_type=\"text-editor.default\">\n\t\t\t\t<div class=\"elementor-widget-container\">\n\t\t\t\t\t\t\t\t\t<p>Mail: barbatoni12@gmail.com<\/p>\t\t\t\t\t\t\t\t<\/div>\n\t\t\t\t<\/div>\n\t\t\t\t\t<\/div>\n\t\t<\/div>\n\t\t\t\t\t<\/div>\n\t\t<\/section>\n\t\t\t\t<section class=\"elementor-section elementor-top-section elementor-element elementor-element-aadce8e elementor-section-boxed elementor-section-height-default elementor-section-height-default\" data-id=\"aadce8e\" data-element_type=\"section\" data-e-type=\"section\">\n\t\t\t\t\t\t<div class=\"elementor-container elementor-column-gap-default\">\n\t\t\t\t\t<div class=\"elementor-column elementor-col-100 elementor-top-column elementor-element elementor-element-f8b800e\" data-id=\"f8b800e\" data-element_type=\"column\" data-e-type=\"column\">\n\t\t\t<div class=\"elementor-widget-wrap elementor-element-populated\">\n\t\t\t\t\t\t<div class=\"elementor-element elementor-element-31e9b4c elementor-widget elementor-widget-spacer\" data-id=\"31e9b4c\" data-element_type=\"widget\" data-e-type=\"widget\" data-widget_type=\"spacer.default\">\n\t\t\t\t<div class=\"elementor-widget-container\">\n\t\t\t\t\t\t\t<div class=\"elementor-spacer\">\n\t\t\t<div class=\"elementor-spacer-inner\"><\/div>\n\t\t<\/div>\n\t\t\t\t\t\t<\/div>\n\t\t\t\t<\/div>\n\t\t\t\t\t<\/div>\n\t\t<\/div>\n\t\t\t\t\t<\/div>\n\t\t<\/section>\n\t\t\t\t<section class=\"elementor-section elementor-top-section elementor-element elementor-element-0afe855 elementor-section-boxed elementor-section-height-default elementor-section-height-default\" data-id=\"0afe855\" data-element_type=\"section\" data-e-type=\"section\">\n\t\t\t\t\t\t<div class=\"elementor-container elementor-column-gap-default\">\n\t\t\t\t\t<div class=\"elementor-column elementor-col-33 elementor-top-column elementor-element elementor-element-fd875f3\" data-id=\"fd875f3\" data-element_type=\"column\" data-e-type=\"column\">\n\t\t\t<div class=\"elementor-widget-wrap elementor-element-populated\">\n\t\t\t\t\t\t<div class=\"elementor-element elementor-element-be10e2e elementor-widget elementor-widget-image\" data-id=\"be10e2e\" data-element_type=\"widget\" data-e-type=\"widget\" data-widget_type=\"image.default\">\n\t\t\t\t<div class=\"elementor-widget-container\">\n\t\t\t\t\t\t\t\t\t\t\t\t\t\t\t<img loading=\"lazy\" decoding=\"async\" width=\"512\" height=\"512\" src=\"https:\/\/galerija-brodogradnje-brac.com\/wp-content\/uploads\/2021\/05\/parked-car.png\" class=\"attachment-large size-large wp-image-185\" alt=\"\" srcset=\"https:\/\/galerija-brodogradnje-brac.com\/wp-content\/uploads\/2021\/05\/parked-car.png 512w, https:\/\/galerija-brodogradnje-brac.com\/wp-content\/uploads\/2021\/05\/parked-car-300x300.png 300w, https:\/\/galerija-brodogradnje-brac.com\/wp-content\/uploads\/2021\/05\/parked-car-150x150.png 150w\" sizes=\"(max-width: 512px) 100vw, 512px\" \/>\t\t\t\t\t\t\t\t\t\t\t\t\t\t\t<\/div>\n\t\t\t\t<\/div>\n\t\t\t\t\t<\/div>\n\t\t<\/div>\n\t\t\t\t<div class=\"elementor-column elementor-col-66 elementor-top-column elementor-element elementor-element-27a13da\" data-id=\"27a13da\" data-element_type=\"column\" data-e-type=\"column\">\n\t\t\t<div class=\"elementor-widget-wrap elementor-element-populated\">\n\t\t\t\t\t\t<div class=\"elementor-element elementor-element-7144aba elementor-widget elementor-widget-spacer\" data-id=\"7144aba\" data-element_type=\"widget\" data-e-type=\"widget\" data-widget_type=\"spacer.default\">\n\t\t\t\t<div class=\"elementor-widget-container\">\n\t\t\t\t\t\t\t<div class=\"elementor-spacer\">\n\t\t\t<div class=\"elementor-spacer-inner\"><\/div>\n\t\t<\/div>\n\t\t\t\t\t\t<\/div>\n\t\t\t\t<\/div>\n\t\t\t\t<div class=\"elementor-element elementor-element-5ab65f1 elementor-widget elementor-widget-heading\" data-id=\"5ab65f1\" data-element_type=\"widget\" data-e-type=\"widget\" data-widget_type=\"heading.default\">\n\t\t\t\t<div class=\"elementor-widget-container\">\n\t\t\t\t\t<h1 class=\"elementor-heading-title elementor-size-default\">! Free Parking !!<\/h1>\t\t\t\t<\/div>\n\t\t\t\t<\/div>\n\t\t\t\t\t<\/div>\n\t\t<\/div>\n\t\t\t\t\t<\/div>\n\t\t<\/section>\n\t\t\t\t<\/div>\n\t\t","protected":false},"excerpt":{"rendered":"<p>Organiziramo turisti\u010dki ribolovne izlete \/ fishing tradicijskim brodom &#8211; &#8222;LEUT&#8220;\u00a0&#8211; kao i fishing panoramu sa osvije\u017eavaju\u0107im kupanjem u ljetnim vru\u0107inama.Plovite sa nama ! Telefon: +385 91 500 67 53 Mail: barbatoni12@gmail.com ! Free Parking !!<\/p>\n","protected":false},"author":1,"featured_media":0,"parent":0,"menu_order":0,"comment_status":"closed","ping_status":"closed","template":"","meta":{"footnotes":""},"class_list":["post-160","page","type-page","status-publish","hentry"],"_links":{"self":[{"href":"https:\/\/galerija-brodogradnje-brac.com\/index.php\/wp-json\/wp\/v2\/pages\/160","targetHints":{"allow":["GET"]}}],"collection":[{"href":"https:\/\/galerija-brodogradnje-brac.com\/index.php\/wp-json\/wp\/v2\/pages"}],"about":[{"href":"https:\/\/galerija-brodogradnje-brac.com\/index.php\/wp-json\/wp\/v2\/types\/page"}],"author":[{"embeddable":true,"href":"https:\/\/galerija-brodogradnje-brac.com\/index.php\/wp-json\/wp\/v2\/users\/1"}],"replies":[{"embeddable":true,"href":"https:\/\/galerija-brodogradnje-brac.com\/index.php\/wp-json\/wp\/v2\/comments?post=160"}],"version-history":[{"count":17,"href":"https:\/\/galerija-brodogradnje-brac.com\/index.php\/wp-json\/wp\/v2\/pages\/160\/revisions"}],"predecessor-version":[{"id":264,"href":"https:\/\/galerija-brodogradnje-brac.com\/index.php\/wp-json\/wp\/v2\/pages\/160\/revisions\/264"}],"wp:attachment":[{"href":"https:\/\/galerija-brodogradnje-brac.com\/index.php\/wp-json\/wp\/v2\/media?parent=160"}],"curies":[{"name":"wp","href":"https:\/\/api.w.org\/{rel}","templated":true}]}}