{"id":17,"date":"2021-05-15T00:02:36","date_gmt":"2021-05-14T22:02:36","guid":{"rendered":"http:\/\/162.55.51.43\/?page_id=17"},"modified":"2021-05-21T12:18:23","modified_gmt":"2021-05-21T10:18:23","slug":"tradicijski-radovi","status":"publish","type":"page","link":"https:\/\/galerija-brodogradnje-brac.com\/index.php\/tradicijski-radovi\/","title":{"rendered":"Tradicijski radovi"},"content":{"rendered":"\t\t<div data-elementor-type=\"wp-page\" data-elementor-id=\"17\" class=\"elementor elementor-17\">\n\t\t\t\t\t\t<section class=\"elementor-section elementor-top-section elementor-element elementor-element-8592537 elementor-section-boxed elementor-section-height-default elementor-section-height-default\" data-id=\"8592537\" data-element_type=\"section\" data-e-type=\"section\">\n\t\t\t\t\t\t<div class=\"elementor-container elementor-column-gap-default\">\n\t\t\t\t\t<div class=\"elementor-column elementor-col-100 elementor-top-column elementor-element elementor-element-82ac069\" data-id=\"82ac069\" data-element_type=\"column\" data-e-type=\"column\">\n\t\t\t<div class=\"elementor-widget-wrap elementor-element-populated\">\n\t\t\t\t\t\t<div class=\"elementor-element elementor-element-5565aeb elementor-widget elementor-widget-image\" data-id=\"5565aeb\" data-element_type=\"widget\" data-e-type=\"widget\" data-widget_type=\"image.default\">\n\t\t\t\t<div class=\"elementor-widget-container\">\n\t\t\t\t\t\t\t\t\t\t\t\t\t\t\t<img fetchpriority=\"high\" decoding=\"async\" width=\"614\" height=\"1024\" src=\"https:\/\/galerija-brodogradnje-brac.com\/wp-content\/uploads\/2021\/05\/22b9f6ec-6a61-4ab3-9c21-a59f1da7b8f9-614x1024.jpg\" class=\"attachment-large size-large wp-image-92\" alt=\"\" srcset=\"https:\/\/galerija-brodogradnje-brac.com\/wp-content\/uploads\/2021\/05\/22b9f6ec-6a61-4ab3-9c21-a59f1da7b8f9-614x1024.jpg 614w, https:\/\/galerija-brodogradnje-brac.com\/wp-content\/uploads\/2021\/05\/22b9f6ec-6a61-4ab3-9c21-a59f1da7b8f9-180x300.jpg 180w, https:\/\/galerija-brodogradnje-brac.com\/wp-content\/uploads\/2021\/05\/22b9f6ec-6a61-4ab3-9c21-a59f1da7b8f9-768x1280.jpg 768w, https:\/\/galerija-brodogradnje-brac.com\/wp-content\/uploads\/2021\/05\/22b9f6ec-6a61-4ab3-9c21-a59f1da7b8f9-922x1536.jpg 922w, https:\/\/galerija-brodogradnje-brac.com\/wp-content\/uploads\/2021\/05\/22b9f6ec-6a61-4ab3-9c21-a59f1da7b8f9.jpg 960w\" sizes=\"(max-width: 614px) 100vw, 614px\" \/>\t\t\t\t\t\t\t\t\t\t\t\t\t\t\t<\/div>\n\t\t\t\t<\/div>\n\t\t\t\t\t<\/div>\n\t\t<\/div>\n\t\t\t\t\t<\/div>\n\t\t<\/section>\n\t\t\t\t<section class=\"elementor-section elementor-top-section elementor-element elementor-element-e6820b7 elementor-section-boxed elementor-section-height-default elementor-section-height-default\" data-id=\"e6820b7\" data-element_type=\"section\" data-e-type=\"section\">\n\t\t\t\t\t\t<div class=\"elementor-container elementor-column-gap-default\">\n\t\t\t\t\t<div class=\"elementor-column elementor-col-50 elementor-top-column elementor-element elementor-element-8a4fc16\" data-id=\"8a4fc16\" data-element_type=\"column\" data-e-type=\"column\">\n\t\t\t<div class=\"elementor-widget-wrap elementor-element-populated\">\n\t\t\t\t\t\t<div class=\"elementor-element elementor-element-9ad44a6 elementor-widget elementor-widget-image\" data-id=\"9ad44a6\" data-element_type=\"widget\" data-e-type=\"widget\" data-widget_type=\"image.default\">\n\t\t\t\t<div class=\"elementor-widget-container\">\n\t\t\t\t\t\t\t\t\t\t\t\t\t\t\t<img decoding=\"async\" width=\"697\" height=\"523\" src=\"https:\/\/galerija-brodogradnje-brac.com\/wp-content\/uploads\/2021\/05\/IMG_1478-1024x768.jpg\" class=\"attachment-large size-large wp-image-90\" alt=\"\" srcset=\"https:\/\/galerija-brodogradnje-brac.com\/wp-content\/uploads\/2021\/05\/IMG_1478-1024x768.jpg 1024w, https:\/\/galerija-brodogradnje-brac.com\/wp-content\/uploads\/2021\/05\/IMG_1478-300x225.jpg 300w, https:\/\/galerija-brodogradnje-brac.com\/wp-content\/uploads\/2021\/05\/IMG_1478-768x576.jpg 768w, https:\/\/galerija-brodogradnje-brac.com\/wp-content\/uploads\/2021\/05\/IMG_1478-1536x1152.jpg 1536w, https:\/\/galerija-brodogradnje-brac.com\/wp-content\/uploads\/2021\/05\/IMG_1478-2048x1536.jpg 2048w, https:\/\/galerija-brodogradnje-brac.com\/wp-content\/uploads\/2021\/05\/IMG_1478-640x480.jpg 640w\" sizes=\"(max-width: 697px) 100vw, 697px\" \/>\t\t\t\t\t\t\t\t\t\t\t\t\t\t\t<\/div>\n\t\t\t\t<\/div>\n\t\t\t\t\t<\/div>\n\t\t<\/div>\n\t\t\t\t<div class=\"elementor-column elementor-col-50 elementor-top-column elementor-element elementor-element-1553a4f\" data-id=\"1553a4f\" data-element_type=\"column\" data-e-type=\"column\">\n\t\t\t<div class=\"elementor-widget-wrap elementor-element-populated\">\n\t\t\t\t\t\t<div class=\"elementor-element elementor-element-91a1982 elementor-widget elementor-widget-image\" data-id=\"91a1982\" data-element_type=\"widget\" data-e-type=\"widget\" data-widget_type=\"image.default\">\n\t\t\t\t<div class=\"elementor-widget-container\">\n\t\t\t\t\t\t\t\t\t\t\t\t\t\t\t<img decoding=\"async\" width=\"697\" height=\"523\" src=\"https:\/\/galerija-brodogradnje-brac.com\/wp-content\/uploads\/2021\/05\/IMG_1601-1024x768.jpg\" class=\"attachment-large size-large wp-image-91\" alt=\"\" srcset=\"https:\/\/galerija-brodogradnje-brac.com\/wp-content\/uploads\/2021\/05\/IMG_1601-1024x768.jpg 1024w, https:\/\/galerija-brodogradnje-brac.com\/wp-content\/uploads\/2021\/05\/IMG_1601-300x225.jpg 300w, https:\/\/galerija-brodogradnje-brac.com\/wp-content\/uploads\/2021\/05\/IMG_1601-768x576.jpg 768w, https:\/\/galerija-brodogradnje-brac.com\/wp-content\/uploads\/2021\/05\/IMG_1601-1536x1152.jpg 1536w, https:\/\/galerija-brodogradnje-brac.com\/wp-content\/uploads\/2021\/05\/IMG_1601-2048x1536.jpg 2048w, https:\/\/galerija-brodogradnje-brac.com\/wp-content\/uploads\/2021\/05\/IMG_1601-640x480.jpg 640w\" sizes=\"(max-width: 697px) 100vw, 697px\" \/>\t\t\t\t\t\t\t\t\t\t\t\t\t\t\t<\/div>\n\t\t\t\t<\/div>\n\t\t\t\t\t<\/div>\n\t\t<\/div>\n\t\t\t\t\t<\/div>\n\t\t<\/section>\n\t\t\t\t<section class=\"elementor-section elementor-top-section elementor-element elementor-element-4751805 elementor-section-boxed elementor-section-height-default elementor-section-height-default\" data-id=\"4751805\" data-element_type=\"section\" data-e-type=\"section\">\n\t\t\t\t\t\t<div class=\"elementor-container elementor-column-gap-default\">\n\t\t\t\t\t<div class=\"elementor-column elementor-col-100 elementor-top-column elementor-element elementor-element-53b0410\" data-id=\"53b0410\" data-element_type=\"column\" data-e-type=\"column\">\n\t\t\t<div class=\"elementor-widget-wrap elementor-element-populated\">\n\t\t\t\t\t\t<div class=\"elementor-element elementor-element-0c360c3 elementor-widget elementor-widget-spacer\" data-id=\"0c360c3\" data-element_type=\"widget\" data-e-type=\"widget\" data-widget_type=\"spacer.default\">\n\t\t\t\t<div class=\"elementor-widget-container\">\n\t\t\t\t\t\t\t<div class=\"elementor-spacer\">\n\t\t\t<div class=\"elementor-spacer-inner\"><\/div>\n\t\t<\/div>\n\t\t\t\t\t\t<\/div>\n\t\t\t\t<\/div>\n\t\t\t\t\t<\/div>\n\t\t<\/div>\n\t\t\t\t\t<\/div>\n\t\t<\/section>\n\t\t\t\t<section class=\"elementor-section elementor-top-section elementor-element elementor-element-f8ef640 elementor-section-boxed elementor-section-height-default elementor-section-height-default\" data-id=\"f8ef640\" data-element_type=\"section\" data-e-type=\"section\">\n\t\t\t\t\t\t<div class=\"elementor-container elementor-column-gap-default\">\n\t\t\t\t\t<div class=\"elementor-column elementor-col-100 elementor-top-column elementor-element elementor-element-4d6db22\" data-id=\"4d6db22\" data-element_type=\"column\" data-e-type=\"column\">\n\t\t\t<div class=\"elementor-widget-wrap elementor-element-populated\">\n\t\t\t\t\t\t<div class=\"elementor-element elementor-element-95162e1 elementor-widget elementor-widget-text-editor\" data-id=\"95162e1\" data-element_type=\"widget\" data-e-type=\"widget\" data-widget_type=\"text-editor.default\">\n\t\t\t\t<div class=\"elementor-widget-container\">\n\t\t\t\t\t\t\t\t\t<p>Kompletna rekonstrukcija tradicionalog dalmatinskog broda &#8211; <strong>&#8222;LEUT&#8220;<\/strong> &#8211;\u00a0 iz 2018 godine.<\/p><p>Brod je kao posljednji u nizu napravljen u brodogra\u0111evnoj radionici i slu\u017ei kao izlo\u017ebeni primjer ispred galerije u moru u Sumartinskoj luci.\u00a0<\/p>\t\t\t\t\t\t\t\t<\/div>\n\t\t\t\t<\/div>\n\t\t\t\t\t<\/div>\n\t\t<\/div>\n\t\t\t\t\t<\/div>\n\t\t<\/section>\n\t\t\t\t<\/div>\n\t\t","protected":false},"excerpt":{"rendered":"<p>Kompletna rekonstrukcija tradicionalog dalmatinskog broda &#8211; &#8222;LEUT&#8220; &#8211;\u00a0 iz 2018 godine. Brod je kao posljednji u nizu napravljen u brodogra\u0111evnoj radionici i slu\u017ei kao izlo\u017ebeni primjer ispred galerije u moru u Sumartinskoj luci.\u00a0<\/p>\n","protected":false},"author":1,"featured_media":0,"parent":0,"menu_order":0,"comment_status":"closed","ping_status":"closed","template":"","meta":{"footnotes":""},"class_list":["post-17","page","type-page","status-publish","hentry"],"_links":{"self":[{"href":"https:\/\/galerija-brodogradnje-brac.com\/index.php\/wp-json\/wp\/v2\/pages\/17","targetHints":{"allow":["GET"]}}],"collection":[{"href":"https:\/\/galerija-brodogradnje-brac.com\/index.php\/wp-json\/wp\/v2\/pages"}],"about":[{"href":"https:\/\/galerija-brodogradnje-brac.com\/index.php\/wp-json\/wp\/v2\/types\/page"}],"author":[{"embeddable":true,"href":"https:\/\/galerija-brodogradnje-brac.com\/index.php\/wp-json\/wp\/v2\/users\/1"}],"replies":[{"embeddable":true,"href":"https:\/\/galerija-brodogradnje-brac.com\/index.php\/wp-json\/wp\/v2\/comments?post=17"}],"version-history":[{"count":30,"href":"https:\/\/galerija-brodogradnje-brac.com\/index.php\/wp-json\/wp\/v2\/pages\/17\/revisions"}],"predecessor-version":[{"id":250,"href":"https:\/\/galerija-brodogradnje-brac.com\/index.php\/wp-json\/wp\/v2\/pages\/17\/revisions\/250"}],"wp:attachment":[{"href":"https:\/\/galerija-brodogradnje-brac.com\/index.php\/wp-json\/wp\/v2\/media?parent=17"}],"curies":[{"name":"wp","href":"https:\/\/api.w.org\/{rel}","templated":true}]}}