{"id":19,"date":"2021-05-15T00:02:54","date_gmt":"2021-05-14T22:02:54","guid":{"rendered":"http:\/\/162.55.51.43\/?page_id=19"},"modified":"2021-05-17T23:19:12","modified_gmt":"2021-05-17T21:19:12","slug":"tradicijske-vrste-brodova","status":"publish","type":"page","link":"https:\/\/galerija-brodogradnje-brac.com\/index.php\/tradicijske-vrste-brodova\/","title":{"rendered":"Tradicijske vrste brodova"},"content":{"rendered":"\t\t<div data-elementor-type=\"wp-page\" data-elementor-id=\"19\" class=\"elementor elementor-19\">\n\t\t\t\t\t\t<section class=\"elementor-section elementor-top-section elementor-element elementor-element-5ae281c elementor-section-boxed elementor-section-height-default elementor-section-height-default\" data-id=\"5ae281c\" data-element_type=\"section\" data-e-type=\"section\">\n\t\t\t\t\t\t<div class=\"elementor-container elementor-column-gap-default\">\n\t\t\t\t\t<div class=\"elementor-column elementor-col-50 elementor-top-column elementor-element elementor-element-e469ab8\" data-id=\"e469ab8\" data-element_type=\"column\" data-e-type=\"column\">\n\t\t\t<div class=\"elementor-widget-wrap elementor-element-populated\">\n\t\t\t\t\t\t<div class=\"elementor-element elementor-element-85063cb elementor-widget elementor-widget-image\" data-id=\"85063cb\" data-element_type=\"widget\" data-e-type=\"widget\" data-widget_type=\"image.default\">\n\t\t\t\t<div class=\"elementor-widget-container\">\n\t\t\t\t\t\t\t\t\t\t\t\t\t\t\t<img fetchpriority=\"high\" decoding=\"async\" width=\"697\" height=\"929\" src=\"https:\/\/galerija-brodogradnje-brac.com\/wp-content\/uploads\/2021\/05\/IMG_20210517_212047-768x1024.jpg\" class=\"attachment-large size-large wp-image-115\" alt=\"\" srcset=\"https:\/\/galerija-brodogradnje-brac.com\/wp-content\/uploads\/2021\/05\/IMG_20210517_212047-768x1024.jpg 768w, https:\/\/galerija-brodogradnje-brac.com\/wp-content\/uploads\/2021\/05\/IMG_20210517_212047-225x300.jpg 225w, https:\/\/galerija-brodogradnje-brac.com\/wp-content\/uploads\/2021\/05\/IMG_20210517_212047-1152x1536.jpg 1152w, https:\/\/galerija-brodogradnje-brac.com\/wp-content\/uploads\/2021\/05\/IMG_20210517_212047-1536x2048.jpg 1536w, https:\/\/galerija-brodogradnje-brac.com\/wp-content\/uploads\/2021\/05\/IMG_20210517_212047-scaled.jpg 1920w\" sizes=\"(max-width: 697px) 100vw, 697px\" \/>\t\t\t\t\t\t\t\t\t\t\t\t\t\t\t<\/div>\n\t\t\t\t<\/div>\n\t\t\t\t\t<\/div>\n\t\t<\/div>\n\t\t\t\t<div class=\"elementor-column elementor-col-50 elementor-top-column elementor-element elementor-element-4c31f3e\" data-id=\"4c31f3e\" data-element_type=\"column\" data-e-type=\"column\">\n\t\t\t<div class=\"elementor-widget-wrap elementor-element-populated\">\n\t\t\t\t\t\t<div class=\"elementor-element elementor-element-7c9b333 elementor-widget elementor-widget-image\" data-id=\"7c9b333\" data-element_type=\"widget\" data-e-type=\"widget\" data-widget_type=\"image.default\">\n\t\t\t\t<div class=\"elementor-widget-container\">\n\t\t\t\t\t\t\t\t\t\t\t\t\t\t\t<img decoding=\"async\" width=\"697\" height=\"929\" src=\"https:\/\/galerija-brodogradnje-brac.com\/wp-content\/uploads\/2021\/05\/IMG_20210517_212027-768x1024.jpg\" class=\"attachment-large size-large wp-image-114\" alt=\"\" srcset=\"https:\/\/galerija-brodogradnje-brac.com\/wp-content\/uploads\/2021\/05\/IMG_20210517_212027-768x1024.jpg 768w, https:\/\/galerija-brodogradnje-brac.com\/wp-content\/uploads\/2021\/05\/IMG_20210517_212027-225x300.jpg 225w, https:\/\/galerija-brodogradnje-brac.com\/wp-content\/uploads\/2021\/05\/IMG_20210517_212027-1152x1536.jpg 1152w, https:\/\/galerija-brodogradnje-brac.com\/wp-content\/uploads\/2021\/05\/IMG_20210517_212027-1536x2048.jpg 1536w, https:\/\/galerija-brodogradnje-brac.com\/wp-content\/uploads\/2021\/05\/IMG_20210517_212027-scaled.jpg 1920w\" sizes=\"(max-width: 697px) 100vw, 697px\" \/>\t\t\t\t\t\t\t\t\t\t\t\t\t\t\t<\/div>\n\t\t\t\t<\/div>\n\t\t\t\t\t<\/div>\n\t\t<\/div>\n\t\t\t\t\t<\/div>\n\t\t<\/section>\n\t\t\t\t<section class=\"elementor-section elementor-top-section elementor-element elementor-element-18332af elementor-section-boxed elementor-section-height-default elementor-section-height-default\" data-id=\"18332af\" data-element_type=\"section\" data-e-type=\"section\">\n\t\t\t\t\t\t<div class=\"elementor-container elementor-column-gap-default\">\n\t\t\t\t\t<div class=\"elementor-column elementor-col-100 elementor-top-column elementor-element elementor-element-e55c13f\" data-id=\"e55c13f\" data-element_type=\"column\" data-e-type=\"column\">\n\t\t\t<div class=\"elementor-widget-wrap elementor-element-populated\">\n\t\t\t\t\t\t<div class=\"elementor-element elementor-element-38eef58 elementor-widget elementor-widget-spacer\" data-id=\"38eef58\" data-element_type=\"widget\" data-e-type=\"widget\" data-widget_type=\"spacer.default\">\n\t\t\t\t<div class=\"elementor-widget-container\">\n\t\t\t\t\t\t\t<div class=\"elementor-spacer\">\n\t\t\t<div class=\"elementor-spacer-inner\"><\/div>\n\t\t<\/div>\n\t\t\t\t\t\t<\/div>\n\t\t\t\t<\/div>\n\t\t\t\t\t<\/div>\n\t\t<\/div>\n\t\t\t\t\t<\/div>\n\t\t<\/section>\n\t\t\t\t<section class=\"elementor-section elementor-top-section elementor-element elementor-element-8c34937 elementor-section-boxed elementor-section-height-default elementor-section-height-default\" data-id=\"8c34937\" data-element_type=\"section\" data-e-type=\"section\">\n\t\t\t\t\t\t<div class=\"elementor-container elementor-column-gap-default\">\n\t\t\t\t\t<div class=\"elementor-column elementor-col-66 elementor-top-column elementor-element elementor-element-7c838c5\" data-id=\"7c838c5\" data-element_type=\"column\" data-e-type=\"column\">\n\t\t\t<div class=\"elementor-widget-wrap elementor-element-populated\">\n\t\t\t\t\t\t<div class=\"elementor-element elementor-element-ce48754 elementor-widget elementor-widget-image\" data-id=\"ce48754\" data-element_type=\"widget\" data-e-type=\"widget\" data-widget_type=\"image.default\">\n\t\t\t\t<div class=\"elementor-widget-container\">\n\t\t\t\t\t\t\t\t\t\t\t\t\t\t\t<img decoding=\"async\" width=\"697\" height=\"523\" src=\"https:\/\/galerija-brodogradnje-brac.com\/wp-content\/uploads\/2021\/05\/Boot_Mann_Traditionell-1024x768.jpg\" class=\"attachment-large size-large wp-image-35\" alt=\"\" srcset=\"https:\/\/galerija-brodogradnje-brac.com\/wp-content\/uploads\/2021\/05\/Boot_Mann_Traditionell-1024x768.jpg 1024w, https:\/\/galerija-brodogradnje-brac.com\/wp-content\/uploads\/2021\/05\/Boot_Mann_Traditionell-300x225.jpg 300w, https:\/\/galerija-brodogradnje-brac.com\/wp-content\/uploads\/2021\/05\/Boot_Mann_Traditionell-768x576.jpg 768w, https:\/\/galerija-brodogradnje-brac.com\/wp-content\/uploads\/2021\/05\/Boot_Mann_Traditionell-1536x1152.jpg 1536w, https:\/\/galerija-brodogradnje-brac.com\/wp-content\/uploads\/2021\/05\/Boot_Mann_Traditionell-2048x1536.jpg 2048w, https:\/\/galerija-brodogradnje-brac.com\/wp-content\/uploads\/2021\/05\/Boot_Mann_Traditionell-640x480.jpg 640w\" sizes=\"(max-width: 697px) 100vw, 697px\" \/>\t\t\t\t\t\t\t\t\t\t\t\t\t\t\t<\/div>\n\t\t\t\t<\/div>\n\t\t\t\t\t<\/div>\n\t\t<\/div>\n\t\t\t\t<div class=\"elementor-column elementor-col-33 elementor-top-column elementor-element elementor-element-1943cfd\" data-id=\"1943cfd\" data-element_type=\"column\" data-e-type=\"column\">\n\t\t\t<div class=\"elementor-widget-wrap elementor-element-populated\">\n\t\t\t\t\t\t<div class=\"elementor-element elementor-element-e310af6 elementor-widget elementor-widget-text-editor\" data-id=\"e310af6\" data-element_type=\"widget\" data-e-type=\"widget\" data-widget_type=\"text-editor.default\">\n\t\t\t\t<div class=\"elementor-widget-container\">\n\t\t\t\t\t\t\t\t\t<p>U prostoru dana\u0161nje galerije izra\u0111eni su mnogi tradicijski brodovi. Najve\u0107i procvat tradicijske brodogradnje bio je u razdoblju od 1960 do 1990 to\u010dnije do pojave plasti\u010dnih brodova.<br \/>O pro\u0161lom vremenu svjedo\u010de orginalni \u0161abloni za izradu forme odre\u0111ene vrste broda.<\/p>\t\t\t\t\t\t\t\t<\/div>\n\t\t\t\t<\/div>\n\t\t\t\t\t<\/div>\n\t\t<\/div>\n\t\t\t\t\t<\/div>\n\t\t<\/section>\n\t\t\t\t<\/div>\n\t\t","protected":false},"excerpt":{"rendered":"<p>U prostoru dana\u0161nje galerije izra\u0111eni su mnogi tradicijski brodovi. Najve\u0107i procvat tradicijske brodogradnje bio je u razdoblju od 1960 do 1990 to\u010dnije do pojave plasti\u010dnih brodova.O pro\u0161lom vremenu svjedo\u010de orginalni \u0161abloni za izradu forme odre\u0111ene vrste broda.<\/p>\n","protected":false},"author":1,"featured_media":0,"parent":0,"menu_order":0,"comment_status":"closed","ping_status":"closed","template":"","meta":{"footnotes":""},"class_list":["post-19","page","type-page","status-publish","hentry"],"_links":{"self":[{"href":"https:\/\/galerija-brodogradnje-brac.com\/index.php\/wp-json\/wp\/v2\/pages\/19","targetHints":{"allow":["GET"]}}],"collection":[{"href":"https:\/\/galerija-brodogradnje-brac.com\/index.php\/wp-json\/wp\/v2\/pages"}],"about":[{"href":"https:\/\/galerija-brodogradnje-brac.com\/index.php\/wp-json\/wp\/v2\/types\/page"}],"author":[{"embeddable":true,"href":"https:\/\/galerija-brodogradnje-brac.com\/index.php\/wp-json\/wp\/v2\/users\/1"}],"replies":[{"embeddable":true,"href":"https:\/\/galerija-brodogradnje-brac.com\/index.php\/wp-json\/wp\/v2\/comments?post=19"}],"version-history":[{"count":13,"href":"https:\/\/galerija-brodogradnje-brac.com\/index.php\/wp-json\/wp\/v2\/pages\/19\/revisions"}],"predecessor-version":[{"id":218,"href":"https:\/\/galerija-brodogradnje-brac.com\/index.php\/wp-json\/wp\/v2\/pages\/19\/revisions\/218"}],"wp:attachment":[{"href":"https:\/\/galerija-brodogradnje-brac.com\/index.php\/wp-json\/wp\/v2\/media?parent=19"}],"curies":[{"name":"wp","href":"https:\/\/api.w.org\/{rel}","templated":true}]}}