{"id":21,"date":"2021-05-15T00:03:08","date_gmt":"2021-05-14T22:03:08","guid":{"rendered":"http:\/\/162.55.51.43\/?page_id=21"},"modified":"2021-05-17T23:13:09","modified_gmt":"2021-05-17T21:13:09","slug":"souveniri","status":"publish","type":"page","link":"https:\/\/galerija-brodogradnje-brac.com\/index.php\/souveniri\/","title":{"rendered":"Suveniri"},"content":{"rendered":"\t\t<div data-elementor-type=\"wp-page\" data-elementor-id=\"21\" class=\"elementor elementor-21\">\n\t\t\t\t\t\t<section class=\"elementor-section elementor-top-section elementor-element elementor-element-a8b4c1e elementor-section-boxed elementor-section-height-default elementor-section-height-default\" data-id=\"a8b4c1e\" data-element_type=\"section\" data-e-type=\"section\">\n\t\t\t\t\t\t<div class=\"elementor-container elementor-column-gap-default\">\n\t\t\t\t\t<div class=\"elementor-column elementor-col-33 elementor-top-column elementor-element elementor-element-a8c1120\" data-id=\"a8c1120\" data-element_type=\"column\" data-e-type=\"column\">\n\t\t\t<div class=\"elementor-widget-wrap elementor-element-populated\">\n\t\t\t\t\t\t<div class=\"elementor-element elementor-element-c38bcf5 elementor-widget elementor-widget-image\" data-id=\"c38bcf5\" data-element_type=\"widget\" data-e-type=\"widget\" data-widget_type=\"image.default\">\n\t\t\t\t<div class=\"elementor-widget-container\">\n\t\t\t\t\t\t\t\t\t\t\t\t\t\t\t<img fetchpriority=\"high\" decoding=\"async\" width=\"697\" height=\"929\" src=\"https:\/\/galerija-brodogradnje-brac.com\/wp-content\/uploads\/2021\/05\/IMG_20210517_213558-768x1024.jpg\" class=\"attachment-large size-large wp-image-125\" alt=\"\" srcset=\"https:\/\/galerija-brodogradnje-brac.com\/wp-content\/uploads\/2021\/05\/IMG_20210517_213558-768x1024.jpg 768w, https:\/\/galerija-brodogradnje-brac.com\/wp-content\/uploads\/2021\/05\/IMG_20210517_213558-225x300.jpg 225w, https:\/\/galerija-brodogradnje-brac.com\/wp-content\/uploads\/2021\/05\/IMG_20210517_213558-1152x1536.jpg 1152w, https:\/\/galerija-brodogradnje-brac.com\/wp-content\/uploads\/2021\/05\/IMG_20210517_213558-1536x2048.jpg 1536w, https:\/\/galerija-brodogradnje-brac.com\/wp-content\/uploads\/2021\/05\/IMG_20210517_213558-scaled.jpg 1920w\" sizes=\"(max-width: 697px) 100vw, 697px\" \/>\t\t\t\t\t\t\t\t\t\t\t\t\t\t\t<\/div>\n\t\t\t\t<\/div>\n\t\t\t\t\t<\/div>\n\t\t<\/div>\n\t\t\t\t<div class=\"elementor-column elementor-col-33 elementor-top-column elementor-element elementor-element-8bd1411\" data-id=\"8bd1411\" data-element_type=\"column\" data-e-type=\"column\">\n\t\t\t<div class=\"elementor-widget-wrap elementor-element-populated\">\n\t\t\t\t\t\t<div class=\"elementor-element elementor-element-cc877fa elementor-widget elementor-widget-image\" data-id=\"cc877fa\" data-element_type=\"widget\" data-e-type=\"widget\" data-widget_type=\"image.default\">\n\t\t\t\t<div class=\"elementor-widget-container\">\n\t\t\t\t\t\t\t\t\t\t\t\t\t\t\t<img decoding=\"async\" width=\"697\" height=\"929\" src=\"https:\/\/galerija-brodogradnje-brac.com\/wp-content\/uploads\/2021\/05\/IMG_1810Fertig-768x1024.jpg\" class=\"attachment-large size-large wp-image-135\" alt=\"\" srcset=\"https:\/\/galerija-brodogradnje-brac.com\/wp-content\/uploads\/2021\/05\/IMG_1810Fertig-768x1024.jpg 768w, https:\/\/galerija-brodogradnje-brac.com\/wp-content\/uploads\/2021\/05\/IMG_1810Fertig-225x300.jpg 225w, https:\/\/galerija-brodogradnje-brac.com\/wp-content\/uploads\/2021\/05\/IMG_1810Fertig-1152x1536.jpg 1152w, https:\/\/galerija-brodogradnje-brac.com\/wp-content\/uploads\/2021\/05\/IMG_1810Fertig-1536x2048.jpg 1536w, https:\/\/galerija-brodogradnje-brac.com\/wp-content\/uploads\/2021\/05\/IMG_1810Fertig-scaled.jpg 1920w\" sizes=\"(max-width: 697px) 100vw, 697px\" \/>\t\t\t\t\t\t\t\t\t\t\t\t\t\t\t<\/div>\n\t\t\t\t<\/div>\n\t\t\t\t\t<\/div>\n\t\t<\/div>\n\t\t\t\t<div class=\"elementor-column elementor-col-33 elementor-top-column elementor-element elementor-element-e50cd38\" data-id=\"e50cd38\" data-element_type=\"column\" data-e-type=\"column\">\n\t\t\t<div class=\"elementor-widget-wrap elementor-element-populated\">\n\t\t\t\t\t\t<div class=\"elementor-element elementor-element-b5a4453 elementor-widget elementor-widget-image\" data-id=\"b5a4453\" data-element_type=\"widget\" data-e-type=\"widget\" data-widget_type=\"image.default\">\n\t\t\t\t<div class=\"elementor-widget-container\">\n\t\t\t\t\t\t\t\t\t\t\t\t\t\t\t<img decoding=\"async\" width=\"697\" height=\"929\" src=\"https:\/\/galerija-brodogradnje-brac.com\/wp-content\/uploads\/2021\/05\/IMG_1809-768x1024.jpg\" class=\"attachment-large size-large wp-image-139\" alt=\"\" srcset=\"https:\/\/galerija-brodogradnje-brac.com\/wp-content\/uploads\/2021\/05\/IMG_1809-768x1024.jpg 768w, https:\/\/galerija-brodogradnje-brac.com\/wp-content\/uploads\/2021\/05\/IMG_1809-225x300.jpg 225w, https:\/\/galerija-brodogradnje-brac.com\/wp-content\/uploads\/2021\/05\/IMG_1809-1152x1536.jpg 1152w, https:\/\/galerija-brodogradnje-brac.com\/wp-content\/uploads\/2021\/05\/IMG_1809-1536x2048.jpg 1536w, https:\/\/galerija-brodogradnje-brac.com\/wp-content\/uploads\/2021\/05\/IMG_1809-scaled.jpg 1920w\" sizes=\"(max-width: 697px) 100vw, 697px\" \/>\t\t\t\t\t\t\t\t\t\t\t\t\t\t\t<\/div>\n\t\t\t\t<\/div>\n\t\t\t\t\t<\/div>\n\t\t<\/div>\n\t\t\t\t\t<\/div>\n\t\t<\/section>\n\t\t\t\t<section class=\"elementor-section elementor-top-section elementor-element elementor-element-2d71444 elementor-section-boxed elementor-section-height-default elementor-section-height-default\" data-id=\"2d71444\" data-element_type=\"section\" data-e-type=\"section\">\n\t\t\t\t\t\t<div class=\"elementor-container elementor-column-gap-default\">\n\t\t\t\t\t<div class=\"elementor-column elementor-col-33 elementor-top-column elementor-element elementor-element-07e47ca\" data-id=\"07e47ca\" data-element_type=\"column\" data-e-type=\"column\">\n\t\t\t<div class=\"elementor-widget-wrap elementor-element-populated\">\n\t\t\t\t\t\t<div class=\"elementor-element elementor-element-1479867 elementor-widget elementor-widget-image\" data-id=\"1479867\" data-element_type=\"widget\" data-e-type=\"widget\" data-widget_type=\"image.default\">\n\t\t\t\t<div class=\"elementor-widget-container\">\n\t\t\t\t\t\t\t\t\t\t\t\t\t\t\t<img loading=\"lazy\" decoding=\"async\" width=\"697\" height=\"523\" src=\"https:\/\/galerija-brodogradnje-brac.com\/wp-content\/uploads\/2021\/05\/IMG_1806_Fertig-1024x768.jpg\" class=\"attachment-large size-large wp-image-137\" alt=\"\" srcset=\"https:\/\/galerija-brodogradnje-brac.com\/wp-content\/uploads\/2021\/05\/IMG_1806_Fertig-1024x768.jpg 1024w, https:\/\/galerija-brodogradnje-brac.com\/wp-content\/uploads\/2021\/05\/IMG_1806_Fertig-300x225.jpg 300w, https:\/\/galerija-brodogradnje-brac.com\/wp-content\/uploads\/2021\/05\/IMG_1806_Fertig-768x576.jpg 768w, https:\/\/galerija-brodogradnje-brac.com\/wp-content\/uploads\/2021\/05\/IMG_1806_Fertig-1536x1152.jpg 1536w, https:\/\/galerija-brodogradnje-brac.com\/wp-content\/uploads\/2021\/05\/IMG_1806_Fertig-2048x1536.jpg 2048w, https:\/\/galerija-brodogradnje-brac.com\/wp-content\/uploads\/2021\/05\/IMG_1806_Fertig-640x480.jpg 640w\" sizes=\"(max-width: 697px) 100vw, 697px\" \/>\t\t\t\t\t\t\t\t\t\t\t\t\t\t\t<\/div>\n\t\t\t\t<\/div>\n\t\t\t\t\t<\/div>\n\t\t<\/div>\n\t\t\t\t<div class=\"elementor-column elementor-col-33 elementor-top-column elementor-element elementor-element-3ec49a5\" data-id=\"3ec49a5\" data-element_type=\"column\" data-e-type=\"column\">\n\t\t\t<div class=\"elementor-widget-wrap elementor-element-populated\">\n\t\t\t\t\t\t<div class=\"elementor-element elementor-element-6ba9890 elementor-widget elementor-widget-image\" data-id=\"6ba9890\" data-element_type=\"widget\" data-e-type=\"widget\" data-widget_type=\"image.default\">\n\t\t\t\t<div class=\"elementor-widget-container\">\n\t\t\t\t\t\t\t\t\t\t\t\t\t\t\t<img loading=\"lazy\" decoding=\"async\" width=\"697\" height=\"497\" src=\"https:\/\/galerija-brodogradnje-brac.com\/wp-content\/uploads\/2021\/05\/DSC0270Fertig-1024x730.jpg\" class=\"attachment-large size-large wp-image-136\" alt=\"\" srcset=\"https:\/\/galerija-brodogradnje-brac.com\/wp-content\/uploads\/2021\/05\/DSC0270Fertig-1024x730.jpg 1024w, https:\/\/galerija-brodogradnje-brac.com\/wp-content\/uploads\/2021\/05\/DSC0270Fertig-300x214.jpg 300w, https:\/\/galerija-brodogradnje-brac.com\/wp-content\/uploads\/2021\/05\/DSC0270Fertig-768x547.jpg 768w, https:\/\/galerija-brodogradnje-brac.com\/wp-content\/uploads\/2021\/05\/DSC0270Fertig-1536x1095.jpg 1536w, https:\/\/galerija-brodogradnje-brac.com\/wp-content\/uploads\/2021\/05\/DSC0270Fertig-2048x1460.jpg 2048w\" sizes=\"(max-width: 697px) 100vw, 697px\" \/>\t\t\t\t\t\t\t\t\t\t\t\t\t\t\t<\/div>\n\t\t\t\t<\/div>\n\t\t\t\t\t<\/div>\n\t\t<\/div>\n\t\t\t\t<div class=\"elementor-column elementor-col-33 elementor-top-column elementor-element elementor-element-1298893\" data-id=\"1298893\" data-element_type=\"column\" data-e-type=\"column\">\n\t\t\t<div class=\"elementor-widget-wrap elementor-element-populated\">\n\t\t\t\t\t\t<div class=\"elementor-element elementor-element-dbe0b4f elementor-widget elementor-widget-image\" data-id=\"dbe0b4f\" data-element_type=\"widget\" data-e-type=\"widget\" data-widget_type=\"image.default\">\n\t\t\t\t<div class=\"elementor-widget-container\">\n\t\t\t\t\t\t\t\t\t\t\t\t\t\t\t<img loading=\"lazy\" decoding=\"async\" width=\"697\" height=\"523\" src=\"https:\/\/galerija-brodogradnje-brac.com\/wp-content\/uploads\/2021\/05\/IMG_1807Fertig-1024x768.jpg\" class=\"attachment-large size-large wp-image-138\" alt=\"\" srcset=\"https:\/\/galerija-brodogradnje-brac.com\/wp-content\/uploads\/2021\/05\/IMG_1807Fertig-1024x768.jpg 1024w, https:\/\/galerija-brodogradnje-brac.com\/wp-content\/uploads\/2021\/05\/IMG_1807Fertig-300x225.jpg 300w, https:\/\/galerija-brodogradnje-brac.com\/wp-content\/uploads\/2021\/05\/IMG_1807Fertig-768x576.jpg 768w, https:\/\/galerija-brodogradnje-brac.com\/wp-content\/uploads\/2021\/05\/IMG_1807Fertig-1536x1152.jpg 1536w, https:\/\/galerija-brodogradnje-brac.com\/wp-content\/uploads\/2021\/05\/IMG_1807Fertig-2048x1536.jpg 2048w, https:\/\/galerija-brodogradnje-brac.com\/wp-content\/uploads\/2021\/05\/IMG_1807Fertig-640x480.jpg 640w\" sizes=\"(max-width: 697px) 100vw, 697px\" \/>\t\t\t\t\t\t\t\t\t\t\t\t\t\t\t<\/div>\n\t\t\t\t<\/div>\n\t\t\t\t\t<\/div>\n\t\t<\/div>\n\t\t\t\t\t<\/div>\n\t\t<\/section>\n\t\t\t\t<section class=\"elementor-section elementor-top-section elementor-element elementor-element-474ce8e elementor-section-boxed elementor-section-height-default elementor-section-height-default\" data-id=\"474ce8e\" data-element_type=\"section\" data-e-type=\"section\">\n\t\t\t\t\t\t<div class=\"elementor-container elementor-column-gap-default\">\n\t\t\t\t\t<div class=\"elementor-column elementor-col-100 elementor-top-column elementor-element elementor-element-adca574\" data-id=\"adca574\" data-element_type=\"column\" data-e-type=\"column\">\n\t\t\t<div class=\"elementor-widget-wrap elementor-element-populated\">\n\t\t\t\t\t\t<div class=\"elementor-element elementor-element-8ba5a0c elementor-widget elementor-widget-spacer\" data-id=\"8ba5a0c\" data-element_type=\"widget\" data-e-type=\"widget\" data-widget_type=\"spacer.default\">\n\t\t\t\t<div class=\"elementor-widget-container\">\n\t\t\t\t\t\t\t<div class=\"elementor-spacer\">\n\t\t\t<div class=\"elementor-spacer-inner\"><\/div>\n\t\t<\/div>\n\t\t\t\t\t\t<\/div>\n\t\t\t\t<\/div>\n\t\t\t\t\t<\/div>\n\t\t<\/div>\n\t\t\t\t\t<\/div>\n\t\t<\/section>\n\t\t\t\t<section class=\"elementor-section elementor-top-section elementor-element elementor-element-ab7d471 elementor-section-boxed elementor-section-height-default elementor-section-height-default\" data-id=\"ab7d471\" data-element_type=\"section\" data-e-type=\"section\">\n\t\t\t\t\t\t<div class=\"elementor-container elementor-column-gap-default\">\n\t\t\t\t\t<div class=\"elementor-column elementor-col-100 elementor-top-column elementor-element elementor-element-8523714\" data-id=\"8523714\" data-element_type=\"column\" data-e-type=\"column\">\n\t\t\t<div class=\"elementor-widget-wrap elementor-element-populated\">\n\t\t\t\t\t\t<div class=\"elementor-element elementor-element-cf8dfdc elementor-widget elementor-widget-text-editor\" data-id=\"cf8dfdc\" data-element_type=\"widget\" data-e-type=\"widget\" data-widget_type=\"text-editor.default\">\n\t\t\t\t<div class=\"elementor-widget-container\">\n\t\t\t\t\t\t\t\t\t<p>U ponudi imamo vi\u0161e vrsta suvenira koji su izra\u0111eni od tradicionalnog bra\u010dkog bijelog kamena. Ru\u010dni radovi te klasi\u010dni motivi replika starih alata poslu\u017eit \u0107e kao uspomena na Sumartin i povijest brodogradnje.\u00a0<\/p>\t\t\t\t\t\t\t\t<\/div>\n\t\t\t\t<\/div>\n\t\t\t\t\t<\/div>\n\t\t<\/div>\n\t\t\t\t\t<\/div>\n\t\t<\/section>\n\t\t\t\t<\/div>\n\t\t","protected":false},"excerpt":{"rendered":"<p>U ponudi imamo vi\u0161e vrsta suvenira koji su izra\u0111eni od tradicionalnog bra\u010dkog bijelog kamena. Ru\u010dni radovi te klasi\u010dni motivi replika starih alata poslu\u017eit \u0107e kao uspomena na Sumartin i povijest brodogradnje.\u00a0<\/p>\n","protected":false},"author":1,"featured_media":0,"parent":0,"menu_order":0,"comment_status":"closed","ping_status":"closed","template":"","meta":{"footnotes":""},"class_list":["post-21","page","type-page","status-publish","hentry"],"_links":{"self":[{"href":"https:\/\/galerija-brodogradnje-brac.com\/index.php\/wp-json\/wp\/v2\/pages\/21","targetHints":{"allow":["GET"]}}],"collection":[{"href":"https:\/\/galerija-brodogradnje-brac.com\/index.php\/wp-json\/wp\/v2\/pages"}],"about":[{"href":"https:\/\/galerija-brodogradnje-brac.com\/index.php\/wp-json\/wp\/v2\/types\/page"}],"author":[{"embeddable":true,"href":"https:\/\/galerija-brodogradnje-brac.com\/index.php\/wp-json\/wp\/v2\/users\/1"}],"replies":[{"embeddable":true,"href":"https:\/\/galerija-brodogradnje-brac.com\/index.php\/wp-json\/wp\/v2\/comments?post=21"}],"version-history":[{"count":27,"href":"https:\/\/galerija-brodogradnje-brac.com\/index.php\/wp-json\/wp\/v2\/pages\/21\/revisions"}],"predecessor-version":[{"id":200,"href":"https:\/\/galerija-brodogradnje-brac.com\/index.php\/wp-json\/wp\/v2\/pages\/21\/revisions\/200"}],"wp:attachment":[{"href":"https:\/\/galerija-brodogradnje-brac.com\/index.php\/wp-json\/wp\/v2\/media?parent=21"}],"curies":[{"name":"wp","href":"https:\/\/api.w.org\/{rel}","templated":true}]}}